{"id":1049,"date":"2019-06-04T21:07:42","date_gmt":"2019-06-04T19:07:42","guid":{"rendered":"https:\/\/www.groomassocies.com\/credits\/"},"modified":"2019-06-04T21:07:42","modified_gmt":"2019-06-04T19:07:42","slug":"credits","status":"publish","type":"page","link":"https:\/\/www.groomassocies.com\/fr\/credits\/","title":{"rendered":"Cr\u00e9dits"},"content":{"rendered":"<h3>Conception et r\u00e9alisation du projet Web r\u00e9alis\u00e9 par <strong>Isabelle Emond<\/strong> et son \u00e9quipe:<\/h3>\n<p><strong><br \/>\nService-conseil et gestion de projets<\/strong>: <a href=\"https:\/\/isabelleemond.ca\" target=\"_blank\" rel=\"noopener noreferrer\">Isabelle Emond<\/a><br \/>\n<strong>Strat\u00e9gie et positionnement d&rsquo;affaires<\/strong>: Isabelle Demers<br \/>\n<strong>Design Web<\/strong>: Nancie Dezainde<br \/>\n<strong>Exp\u00e9rience utilisateur UX\/UI<\/strong>: Nancie Dezainde<br \/>\n<strong>Illustrations et cr\u00e9ation d\u2019ic\u00f4nes<\/strong>: M\u00e9lanie Baillairg\u00e9<br \/>\n<strong>Lead d\u00e9veloppement<\/strong>: Dominique Fournier<br \/>\n<strong>Int\u00e9gration de gabarit<\/strong>: Dominique Fournier<br \/>\n<strong>Programmation<\/strong>: Jean-Philippe Beaulieu<br \/>\n<strong>Strat\u00e9gie de r\u00e9f\u00e9rencement<\/strong>: David Carle<br \/>\n<strong>R\u00e9daction<\/strong>: Terry Paquet<br \/>\n<strong>Traduction vers le fran\u00e7ais<\/strong>: Anne-Marie Desbiens<br \/>\n<strong>Photos des employ\u00e9s<\/strong>: Phil Bernard<br \/>\n<strong>Photos des locaux Groom<\/strong>: XYZ<br \/>\n<strong>Photos<\/strong>: Unsplash<\/p>\n","protected":false},"excerpt":{"rendered":"<p>Conception et r\u00e9alisation du projet Web r\u00e9alis\u00e9 par Isabelle Emond et son \u00e9quipe: Service-conseil et gestion de projets: Isabelle Emond Strat\u00e9gie et positionnement d&rsquo;affaires: Isabelle Demers Design Web: Nancie Dezainde Exp\u00e9rience utilisateur UX\/UI: Nancie Dezainde Illustrations et cr\u00e9ation d\u2019ic\u00f4nes: M\u00e9lanie Baillairg\u00e9 Lead d\u00e9veloppement: Dominique Fournier Int\u00e9gration de gabarit: Dominique Fournier Programmation: Jean-Philippe Beaulieu Strat\u00e9gie de [&hellip;]<\/p>\n","protected":false},"author":6,"featured_media":0,"parent":0,"menu_order":100,"comment_status":"closed","ping_status":"closed","template":"","meta":{"_acf_changed":false,"inline_featured_image":false,"footnotes":""},"class_list":["post-1049","page","type-page","status-publish","hentry"],"acf":[],"_links":{"self":[{"href":"https:\/\/www.groomassocies.com\/fr\/wp-json\/wp\/v2\/pages\/1049","targetHints":{"allow":["GET"]}}],"collection":[{"href":"https:\/\/www.groomassocies.com\/fr\/wp-json\/wp\/v2\/pages"}],"about":[{"href":"https:\/\/www.groomassocies.com\/fr\/wp-json\/wp\/v2\/types\/page"}],"author":[{"embeddable":true,"href":"https:\/\/www.groomassocies.com\/fr\/wp-json\/wp\/v2\/users\/6"}],"replies":[{"embeddable":true,"href":"https:\/\/www.groomassocies.com\/fr\/wp-json\/wp\/v2\/comments?post=1049"}],"version-history":[{"count":0,"href":"https:\/\/www.groomassocies.com\/fr\/wp-json\/wp\/v2\/pages\/1049\/revisions"}],"wp:attachment":[{"href":"https:\/\/www.groomassocies.com\/fr\/wp-json\/wp\/v2\/media?parent=1049"}],"curies":[{"name":"wp","href":"https:\/\/api.w.org\/{rel}","templated":true}]}}