{"id":3032,"date":"2020-07-27T19:18:30","date_gmt":"2020-07-27T17:18:30","guid":{"rendered":"https:\/\/www.groomassocies.com\/contactez-nous\/"},"modified":"2023-10-20T15:59:32","modified_gmt":"2023-10-20T13:59:32","slug":"contactez-nous","status":"publish","type":"page","link":"https:\/\/www.groomassocies.com\/fr\/contactez-nous\/","title":{"rendered":"Contactez-nous"},"content":{"rendered":"<div class=\"row\">\n<div class=\"col-12 col-md-6\">\n<p>Vous avez des questions? Besoin de plus d\u2019informations? Laissez vos coordonn\u00e9es et l\u2019un de nos experts en recrutement vous contactera imm\u00e9diatement.<\/p>\n\n<div class=\"wpcf7 no-js\" id=\"wpcf7-f2095-o1\" lang=\"en-US\" dir=\"ltr\" data-wpcf7-id=\"2095\">\n<div class=\"screen-reader-response\"><p role=\"status\" aria-live=\"polite\" aria-atomic=\"true\"><\/p> <ul><\/ul><\/div>\n<form action=\"\/fr\/wp-json\/wp\/v2\/pages\/3032#wpcf7-f2095-o1\" method=\"post\" class=\"wpcf7-form init\" aria-label=\"Contact form\" novalidate=\"novalidate\" data-status=\"init\">\n<fieldset class=\"hidden-fields-container\"><input type=\"hidden\" name=\"_wpcf7\" value=\"2095\" \/><input type=\"hidden\" name=\"_wpcf7_version\" value=\"6.1.5\" \/><input type=\"hidden\" name=\"_wpcf7_locale\" value=\"en_US\" \/><input type=\"hidden\" name=\"_wpcf7_unit_tag\" value=\"wpcf7-f2095-o1\" \/><input type=\"hidden\" name=\"_wpcf7_container_post\" value=\"0\" \/><input type=\"hidden\" name=\"_wpcf7_posted_data_hash\" value=\"\" \/><input type=\"hidden\" name=\"_wpcf7_recaptcha_response\" value=\"\" \/>\n<\/fieldset>\n<p>Type de requ\u00eate: * <span class=\"wpcf7-form-control-wrap\" data-name=\"your-inquiry-type\"><span class=\"wpcf7-form-control wpcf7-radio\"><span class=\"wpcf7-list-item first\"><label><input type=\"radio\" name=\"your-inquiry-type\" value=\"Je suis un employeur\" \/><span class=\"wpcf7-list-item-label\">Je suis un employeur<\/span><\/label><\/span><span class=\"wpcf7-list-item last\"><label><input type=\"radio\" name=\"your-inquiry-type\" value=\"Je suis un chercheur d&#039;emploi\" \/><span class=\"wpcf7-list-item-label\">Je suis un chercheur d&#039;emploi<\/span><\/label><\/span><\/span><\/span>\n<\/p>\n<p><label> Nom complet *<br \/>\n<span class=\"wpcf7-form-control-wrap\" data-name=\"your-name\"><input size=\"40\" maxlength=\"400\" class=\"wpcf7-form-control wpcf7-text wpcf7-validates-as-required\" aria-required=\"true\" aria-invalid=\"false\" value=\"\" type=\"text\" name=\"your-name\" \/><\/span> <\/label>\n<\/p>\n<p><label> Courriel *<br \/>\n<span class=\"wpcf7-form-control-wrap\" data-name=\"your-email\"><input size=\"40\" maxlength=\"400\" class=\"wpcf7-form-control wpcf7-email wpcf7-validates-as-required wpcf7-text wpcf7-validates-as-email\" aria-required=\"true\" aria-invalid=\"false\" value=\"\" type=\"email\" name=\"your-email\" \/><\/span> <\/label>\n<\/p>\n<p><label> T\u00e9l\u00e9phone *<br \/>\n<span class=\"wpcf7-form-control-wrap\" data-name=\"your-phone\"><input size=\"40\" maxlength=\"400\" class=\"wpcf7-form-control wpcf7-tel wpcf7-validates-as-required wpcf7-text wpcf7-validates-as-tel\" aria-required=\"true\" aria-invalid=\"false\" value=\"\" type=\"tel\" name=\"your-phone\" \/><\/span> <\/label>\n<\/p>\n<p><label> Comment pouvons-nous vous aider?<br \/>\n<span class=\"wpcf7-form-control-wrap\" data-name=\"your-message\"><textarea cols=\"40\" rows=\"10\" maxlength=\"2000\" class=\"wpcf7-form-control wpcf7-textarea\" aria-invalid=\"false\" name=\"your-message\"><\/textarea><\/span> <\/label>\n<\/p>\n\n<p><input class=\"wpcf7-form-control wpcf7-submit has-spinner btnContact\" type=\"submit\" value=\"Envoyer\" \/>\n<\/p><div class=\"wpcf7-response-output\" aria-hidden=\"true\"><\/div>\n<\/form>\n<\/div>\n\n<\/div>\n<div class=\"col-12 col-md-5 offset-md-1 reach-right-away\">\n<h2>Coordonn\u00e9es<\/h2>\n<p>Vous pr\u00e9f\u00e9rez parler tout de suite \u00e0 quelqu\u2019un?<\/p>\n<p class=\"telephone-icon mobile-hide\">\n          <span class=\"nowrap\">+1 514 288-3222<\/span> | <span class=\"nowrap\">1 833-334-7666<\/span>\n        <\/p>\n<p class=\"mobile-only-flex\">\n          <a href=\"tel:18333347666\"><img decoding=\"async\" src=\"\/wp-content\/themes\/groom\/dist\/images\/icons\/telephone-big.svg\" alt=\"\"><\/a><br \/>\n          <span><br \/>\n            <span class=\"nowrap\"><a href=\"tel:15142883222\">+1 514 288-3222<\/a><\/span><br \/>\n            <span class=\"hide-320\"> | <\/span><br \/>\n            <span class=\"nowrap\"><a href=\"tel:18333347666\">1 833-334-7666<\/a><\/span><br \/>\n          <\/span>\n        <\/p>\n<p class=\"mouse-icon\"><a class=\"underliner\" href=\"&#109;&#x61;&#x69;l&#116;&#x6f;&#x3a;i&#110;&#x66;o&#64;&#x67;&#x72;o&#111;&#x6d;a&#115;&#x73;&#x6f;c&#105;&#x65;&#x73;&#46;&#x63;&#x6f;m\">info&#64;gro&#111;&#109;&#97;&#115;&#115;&#111;&#99;&#105;&#101;&#115;&#x2e;&#x63;&#x6f;&#x6d;<\/a><\/p>\n<h3>Nos bureaux<\/h3>\n<div class=\"contact-office\">\n<p class=\"office-title js-office-map mobile-hide\"><a class=\"arrow-right-mini-blue-after underliner\" target=\"_blank\" href=\"https:\/\/www.google.com\/maps\/place\/Groom+%26+Associates\/@45.5022034,-73.5614585,17z\/data=!4m12!1m6!3m5!1s0x4cc91a46e8d8f69b:0x5361df710423d86d!2sGroom+%26+Associates!8m2!3d45.5021997!4d-73.5592698!3m4!1s0x4cc91a46e8d8f69b:0x5361df710423d86d!8m2!3d45.5021997!4d-73.5592698?hl=en-US\" rel=\"noopener noreferrer\">Montreal \u2013 Si\u00e8ge social<\/a><\/p>\n<p class=\"office-title mobile-only open-me\">Montreal \u2013 Si\u00e8ge social<\/p>\n<div class=\"address-block\">\n<p class=\"small-text-14 mobile-hide js-address\">1250 Ren\u00e9 L\u00e9vesque Ouest, Suite 2200<br \/>\nMontr\u00e9al, Qu\u00e9bec H3B 4W8<\/p>\n<p class=\"small-text-14 mobile-only js-address\"><a class=\"discret-link open-map\" target=\"_blank\" href=\"https:\/\/maps.app.goo.gl\/zFyXP3xGA7yyMM2U8?g_st=ic\" rel=\"noopener noreferrer\">1250 Ren\u00e9 L\u00e9vesque Ouest, Suite 2200<br \/>\nMontr\u00e9al, Qu\u00e9bec H3B 4W8<\/a><\/p>\n<p class=\"small-text-14 mobile-hide\">+1 (514) 288-3222<\/p>\n<p class=\"small-text-14 mobile-only\"><a href=\"tel:15142883222\">+1 (514) 288-3222<\/a><\/p>\n<\/p><\/div>\n<\/p><\/div>\n<div class=\"contact-office\">\n<p class=\"office-title js-office-map mobile-hide\"><a class=\"arrow-right-mini-blue-after underliner\" target=\"_blank\" href=\"https:\/\/www.google.com\/maps\/place\/Groom+%26+Associates+-+Groom+et+Associes\/@43.6696739,-79.5640867,12z\/data=!4m8!1m2!2m1!1sGroom+et+Associes+toronto!3m4!1s0x89d4cb331b897421:0xc95831f41a3a1f45!8m2!3d43.6514934!4d-79.378471?hl=en-US\" rel=\"noopener noreferrer\">Toronto<\/a><\/p>\n<p class=\"office-title mobile-only open-me\">Toronto<\/p>\n<div class=\"address-block\">\n<p class=\"small-text-14 mobile-hide js-address\">151, Yonge Street, 11th floor<br \/>\nToronto (Ontario) M5C 2W7<\/p>\n<p class=\"small-text-14 mobile-only js-address\"><a class=\"discret-link open-map\" target=\"_blank\" href=\"https:\/\/www.google.com\/maps\/place\/Groom+%26+Associates+-+Groom+et+Associes\/@43.6696739,-79.5640867,12z\/data=!4m8!1m2!2m1!1sGroom+et+Associes+toronto!3m4!1s0x89d4cb331b897421:0xc95831f41a3a1f45!8m2!3d43.6514934!4d-79.378471?hl=en-US\" rel=\"noopener noreferrer\">151, Yonge Street, 11th floor<br \/>\nToronto (Ontario) M5C 2W7<\/a><\/p>\n<p class=\"small-text-14 mobile-hide\">+1 (647) 243-7645<\/p>\n<p class=\"small-text-14 mobile-only\"><a href=\"tel:16472437645\">+1 (647) 243-7645<\/a><\/p>\n<\/p><\/div>\n<\/p><\/div>\n<div class=\"contact-office\">\n<p class=\"office-title js-office-map mobile-hide\"><a class=\"arrow-right-mini-blue-after underliner\" target=\"_blank\" href=\"https:\/\/www.google.com\/maps\/place\/Groom+%26+Associates+-+Groom+et+Associes\/@43.6876527,-79.6118111,17z\/data=!3m1!4b1!4m5!3m4!1s0x882b39773dc79ccd:0x7aaa11b01060a963!8m2!3d43.6876488!4d-79.6096224?hl=en-US\" rel=\"noopener noreferrer\">Mississauga<\/a><\/p>\n<p class=\"office-title mobile-only open-me\">Mississauga<\/p>\n<div class=\"address-block\">\n<p class=\"small-text-14 mobile-hide js-address\">5925, Airport road, Suite 200<br \/>\nMississauga (Ontario) L4V 1W1<\/p>\n<p class=\"small-text-14 mobile-only js-address\"><a class=\"discret-link open-map\" target=\"_blank\" href=\"https:\/\/www.google.com\/maps\/place\/Groom+%26+Associates+-+Groom+et+Associes\/@43.6876527,-79.6118111,17z\/data=!3m1!4b1!4m5!3m4!1s0x882b39773dc79ccd:0x7aaa11b01060a963!8m2!3d43.6876488!4d-79.6096224?hl=en-US\" rel=\"noopener noreferrer\">5925, Airport road, Suite 200<br \/>\nMississauga (Ontario) L4V 1W1<\/a><\/p>\n<p class=\"small-text-14 mobile-hide\">+1 (289) 799-3657<\/p>\n<p class=\"small-text-14 mobile-only\"><a href=\"tel:12897993657\">+1 (289) 799-3657<\/a><\/p>\n<\/p><\/div>\n<\/p><\/div>\n<div class=\"contact-office\">\n<p class=\"office-title js-office-map mobile-hide\"><a class=\"arrow-right-mini-blue-after underliner\" target=\"_blank\" href=\"https:\/\/www.google.com\/maps\/place\/Groom+%26+Associates+-+Groom+et+Associes\/@49.2879402,-123.1152461,17z\/data=!3m1!4b1!4m5!3m4!1s0x54867182d1c645ff:0x1bbeb1ff827e6dfe!8m2!3d49.2879402!4d-123.1130521?hl=en-US\" rel=\"noopener noreferrer\">Vancouver<\/a><\/p>\n<p class=\"office-title mobile-only open-me\">Vancouver<\/p>\n<div class=\"address-block\">\n<p class=\"small-text-14 mobile-hide js-address\">999, Canada Place, Suite 404<br \/>\nVancouver (British Colombia) V6C 3E2<\/p>\n<p class=\"small-text-14 mobile-only js-address\"><a class=\"discret-link open-map\" target=\"_blank\" href=\"https:\/\/www.google.com\/maps\/place\/Groom+%26+Associates+-+Groom+et+Associes\/@49.2879402,-123.1152461,17z\/data=!3m1!4b1!4m5!3m4!1s0x54867182d1c645ff:0x1bbeb1ff827e6dfe!8m2!3d49.2879402!4d-123.1130521?hl=en-US\" rel=\"noopener noreferrer\">999, Canada Place, Suite 404<br \/>\nVancouver (British Colombia) V6C 3E2<\/a><\/p>\n<p class=\"small-text-14 mobile-hide\">+1 (778) 807-9641<\/p>\n<p class=\"small-text-14 mobile-only\"><a href=\"tel:17788079641\">+1 (778) 807-9641<\/a><\/p>\n<\/p><\/div>\n<\/p><\/div>\n<div class=\"contact-office\">\n<p class=\"office-title js-office-map mobile-hide\"><a class=\"arrow-right-mini-blue-after underliner\" target=\"_blank\" href=\"https:\/\/www.google.com\/maps\/place\/Groom+%26+Associates+-+Groom+et+Associes\/@45.4022991,-75.7115964,17z\/data=!3m1!4b1!4m5!3m4!1s0x4cce043455858c99:0x598d79ffb47f286e!8m2!3d45.4022954!4d-75.7094077?hl=en-US\" rel=\"noopener noreferrer\">Ottawa<\/a><\/p>\n<p class=\"office-title mobile-only open-me\">Ottawa<\/p>\n<div class=\"address-block\">\n<p class=\"small-text-14 mobile-hide js-address\">343, Preston Street, 11th Floor<br \/>\nOttawa (Ontario) K1S 1N4<\/p>\n<p class=\"small-text-14 mobile-only js-address\"><a class=\"discret-link open-map\" target=\"_blank\" href=\"https:\/\/www.google.com\/maps\/place\/Groom+%26+Associates+-+Groom+et+Associes\/@45.4022991,-75.7115964,17z\/data=!3m1!4b1!4m5!3m4!1s0x4cce043455858c99:0x598d79ffb47f286e!8m2!3d45.4022954!4d-75.7094077?hl=en-US\" rel=\"noopener noreferrer\">343, Preston Street, 11th Floor<br \/>\nOttawa (Ontario) K1S 1N4<\/a><\/p>\n<p class=\"small-text-14 mobile-hide\">+1 (613) 686-4725<\/p>\n<p class=\"small-text-14 mobile-only\"><a href=\"tel:16136864725\">+1 (613) 686-4725<\/a><\/p>\n<\/p><\/div>\n<\/p><\/div>\n<div class=\"contact-office\">\n<p class=\"office-title js-office-map mobile-hide\"><a class=\"arrow-right-mini-blue-after underliner\" target=\"_blank\" href=\"https:\/\/www.google.com\/maps\/place\/Groom+%26+Associates+-+Groom+et+Associes\/@51.0497715,-114.0665537,17z\/data=!3m1!4b1!4m5!3m4!1s0x53716f7c6d0bcf23:0xf594164fb7976d59!8m2!3d51.0497715!4d-114.064365?hl=fr-CA\" rel=\"noopener noreferrer\">Calgary<\/a><\/p>\n<p class=\"office-title mobile-only open-me\">Calgary<\/p>\n<div class=\"address-block\">\n<p class=\"small-text-14 mobile-hide js-address\">144-4 Avenue SW, Suite 1600<br \/>\nCalgary (Alberta) T2P 3N4<\/p>\n<p class=\"small-text-14 mobile-only js-address\"><a class=\"discret-link open-map\" target=\"_blank\" href=\"https:\/\/www.google.com\/maps\/place\/Groom+%26+Associates+-+Groom+et+Associes\/@51.0497715,-114.0665537,17z\/data=!3m1!4b1!4m5!3m4!1s0x53716f7c6d0bcf23:0xf594164fb7976d59!8m2!3d51.0497715!4d-114.064365?hl=fr-CA\" rel=\"noopener noreferrer\">144-4 Avenue SW, Suite 1600<br \/>\nCalgary (Alberta) T2P 3N4<\/a><\/p>\n<p class=\"small-text-14 mobile-hide\">+1 (587) 287-1138<\/p>\n<p class=\"small-text-14 mobile-only\"><a href=\"tel:15872871138\">+1 (587) 287-1138<\/a><\/p>\n<\/p><\/div>\n<\/p><\/div>\n<\/p><\/div>\n<\/div>\n","protected":false},"excerpt":{"rendered":"<p>Vous avez des questions? Besoin de plus d\u2019informations? Laissez vos coordonn\u00e9es et l\u2019un de nos experts en recrutement vous contactera imm\u00e9diatement. Coordonn\u00e9es Vous pr\u00e9f\u00e9rez parler tout de suite \u00e0 quelqu\u2019un? +1 514 288-3222 | 1 833-334-7666 +1 514 288-3222 | 1 833-334-7666 in&#102;&#111;&#64;&#x67;&#x72;&#x6f;&#x6f;ma&#115;&#115;&#111;&#x63;&#x69;&#x65;&#x73;&#46;c&#111;&#109; Nos bureaux Montreal \u2013 Si\u00e8ge social Montreal \u2013 Si\u00e8ge social 1250 Ren\u00e9 [&hellip;]<\/p>\n","protected":false},"author":6,"featured_media":0,"parent":0,"menu_order":0,"comment_status":"closed","ping_status":"closed","template":"","meta":{"_acf_changed":false,"inline_featured_image":false,"footnotes":""},"class_list":["post-3032","page","type-page","status-publish","hentry"],"acf":[],"_links":{"self":[{"href":"https:\/\/www.groomassocies.com\/fr\/wp-json\/wp\/v2\/pages\/3032","targetHints":{"allow":["GET"]}}],"collection":[{"href":"https:\/\/www.groomassocies.com\/fr\/wp-json\/wp\/v2\/pages"}],"about":[{"href":"https:\/\/www.groomassocies.com\/fr\/wp-json\/wp\/v2\/types\/page"}],"author":[{"embeddable":true,"href":"https:\/\/www.groomassocies.com\/fr\/wp-json\/wp\/v2\/users\/6"}],"replies":[{"embeddable":true,"href":"https:\/\/www.groomassocies.com\/fr\/wp-json\/wp\/v2\/comments?post=3032"}],"version-history":[{"count":5,"href":"https:\/\/www.groomassocies.com\/fr\/wp-json\/wp\/v2\/pages\/3032\/revisions"}],"predecessor-version":[{"id":4190,"href":"https:\/\/www.groomassocies.com\/fr\/wp-json\/wp\/v2\/pages\/3032\/revisions\/4190"}],"wp:attachment":[{"href":"https:\/\/www.groomassocies.com\/fr\/wp-json\/wp\/v2\/media?parent=3032"}],"curies":[{"name":"wp","href":"https:\/\/api.w.org\/{rel}","templated":true}]}}